{"id":285,"date":"2022-12-20T10:33:19","date_gmt":"2022-12-20T10:33:19","guid":{"rendered":"https:\/\/bti.kunden-rosarote-brille.de\/?page_id=285"},"modified":"2023-10-10T08:57:38","modified_gmt":"2023-10-10T08:57:38","slug":"ueber-mich","status":"publish","type":"page","link":"https:\/\/bti-beratung-transfer-innovation.com\/en\/ueber-mich\/","title":{"rendered":"About me"},"content":{"rendered":"<p>[et_pb_section fb_built=&#8220;1&#8243; admin_label=&#8220;Features&#8220; module_id=&#8220;uebermich&#8220; module_class=&#8220;uebermich&#8220; _builder_version=&#8220;4.18.0&#8243; global_colors_info=&#8220;{}&#8220;][et_pb_row column_structure=&#8220;1_2,1_2&#8243; _builder_version=&#8220;4.16&#8243; global_colors_info=&#8220;{}&#8220;][et_pb_column type=&#8220;1_2&#8243; _builder_version=&#8220;4.16&#8243; custom_padding=&#8220;100px|||&#8220; custom_padding_tablet=&#8220;0px|||&#8220; custom_padding_phone=&#8220;0px|||&#8220; custom_padding_last_edited=&#8220;on|tablet&#8220; global_colors_info=&#8220;{}&#8220; padding_tablet=&#8220;0px|||&#8220; padding_last_edited=&#8220;on|tablet&#8220; custom_padding__hover=&#8220;|||&#8220; padding_phone=&#8220;0px|||&#8220;][et_pb_text _builder_version=&#8220;4.21.0&#8243; text_font=&#8220;||||||||&#8220; text_font_size=&#8220;15px&#8220; text_line_height=&#8220;2em&#8220; header_2_font=&#8220;Glegoo||||||||&#8220; header_2_font_size=&#8220;40px&#8220; header_4_font=&#8220;|700||on|||||&#8220; header_4_text_color=&#8220;#930047&#8243; header_4_font_size=&#8220;16px&#8220; header_4_letter_spacing=&#8220;2px&#8220; header_4_line_height=&#8220;1.6em&#8220; header_2_font_size_tablet=&#8220;30px&#8220; header_2_font_size_phone=&#8220;22px&#8220; header_2_font_size_last_edited=&#8220;on|phone&#8220; header_4_font_size_tablet=&#8220;&#8220; header_4_font_size_phone=&#8220;14px&#8220; header_4_font_size_last_edited=&#8220;on|phone&#8220; global_colors_info=&#8220;{}&#8220;]<\/p>\n<h4>\u00dcBER mich<\/h4>\n<h2>H.-Peter Werminghaus<br \/><span style=\"font-size: 16px;\">DIPL.-ING.<\/span><\/h2>\n<p>F\u00fcr mich steht immer der Mensch im Mittelpunkt \u2013 ich nenne das \u201ethe people side of business\u201c. Ich betrachte nicht nur Unternehmen, sondern im Speziellen einzelne Mitarbeiter, F\u00fchrungskr\u00e4fte, Unternehmer, weil ich fest davon \u00fcberzeugt bin, dass der einzelne Mensch die Keimzelle des Erfolges ist.<br \/>Ich bin der \u00dcberzeugung, dass wir die Dinge, die wir kommunizieren, auch vorleben m\u00fcssen. Dabei ist es mir wichtig, dass wir nicht nur eine Ansammlung von Fachkompetenzen sind, sondern auch sozial miteinander agieren. Respekt und Vertrauen ist die Grundlage meiner Arbeit mit meinen Kunden. Ich glaube nicht an statische Konzepte, sondern entwickle Themen auf der Grundlage neuster Forschungen weiter.<\/p>\n<p>Als Dipl.-Ing. entwickelte ich mich schnell als Projektleiter, Dozent und Berater zum Spezialisten bei der Optimierung von Arbeits- und Denkprozessen in mittelst\u00e4ndischen Betrieben und in der nationalen und internationalen Industrie. Zwei zentrale Fragen sind f\u00fcr mich als Unternehmensberater stets zu beantworten. Warum sind manche Unternehmer erfolgreicher als andere? Und, wie erhalten Unternehmen ihr Know-how? Ich w\u00fchle mich durch ihre Strukturen und bringe Sie in Form, um den Mitbewerbern stets einen Schritt voraus zu sein und im Markt dauerhaft zu bestehen.<\/p>\n<p>Dipl.-Ing. H.-Peter Werminghaus<\/p>\n<p>[\/et_pb_text][\/et_pb_column][et_pb_column type=&#8220;1_2&#8243; _builder_version=&#8220;4.16&#8243; custom_padding=&#8220;|||&#8220; global_colors_info=&#8220;{}&#8220; custom_padding__hover=&#8220;|||&#8220;][et_pb_image src=&#8220;https:\/\/bti-beratung-transfer-innovation.com\/wp-content\/uploads\/2022\/12\/fdad6c51-6f46-4595-8f4d-52a41b7d9b5d.jpg&#8220; title_text=&#8220;fdad6c51-6f46-4595-8f4d-52a41b7d9b5d&#8220; align_tablet=&#8220;center&#8220; align_phone=&#8220;center&#8220; align_last_edited=&#8220;on|desktop&#8220; _builder_version=&#8220;4.18.0&#8243; background_image=&#8220;https:\/\/bti-beratung-transfer-innovation.com\/wp-content\/uploads\/2022\/10\/investing-03.png&#8220; background_size=&#8220;initial&#8220; background_position=&#8220;top_right&#8220; custom_padding=&#8220;40px|40px||&#8220; box_shadow_style=&#8220;preset1&#8243; box_shadow_vertical=&#8220;40px&#8220; box_shadow_blur=&#8220;200px&#8220; box_shadow_spread=&#8220;-10px&#8220; global_colors_info=&#8220;{}&#8220;][\/et_pb_image][\/et_pb_column][\/et_pb_row][\/et_pb_section][et_pb_section fb_built=&#8220;1&#8243; admin_label=&#8220;About&#8220; _builder_version=&#8220;4.18.0&#8243; background_enable_image=&#8220;off&#8220; background_size=&#8220;initial&#8220; background_position=&#8220;bottom_center&#8220; custom_margin=&#8220;-17px|||||&#8220; custom_padding=&#8220;0px|||||&#8220; global_colors_info=&#8220;{}&#8220;][et_pb_row column_structure=&#8220;1_2,1_2&#8243; _builder_version=&#8220;4.16&#8243; global_colors_info=&#8220;{}&#8220;][et_pb_column type=&#8220;1_2&#8243; _builder_version=&#8220;4.16&#8243; custom_padding=&#8220;|||&#8220; global_colors_info=&#8220;{}&#8220; custom_padding__hover=&#8220;|||&#8220;][et_pb_text _builder_version=&#8220;4.22.2&#8243; text_font=&#8220;||||||||&#8220; text_font_size=&#8220;15px&#8220; text_line_height=&#8220;2em&#8220; header_2_font=&#8220;Glegoo||||||||&#8220; header_2_font_size=&#8220;40px&#8220; header_2_line_height=&#8220;1.4em&#8220; header_4_font=&#8220;|700||on|||||&#8220; header_4_text_color=&#8220;#930047&#8243; header_4_font_size=&#8220;16px&#8220; header_4_letter_spacing=&#8220;2px&#8220; header_4_line_height=&#8220;1.6em&#8220; hover_enabled=&#8220;0&#8243; header_2_font_size_tablet=&#8220;30px&#8220; header_2_font_size_phone=&#8220;22px&#8220; header_2_font_size_last_edited=&#8220;on|phone&#8220; header_4_font_size_tablet=&#8220;&#8220; header_4_font_size_phone=&#8220;14px&#8220; header_4_font_size_last_edited=&#8220;on|phone&#8220; locked=&#8220;off&#8220; global_colors_info=&#8220;{}&#8220; sticky_enabled=&#8220;0&#8243;]<\/p>\n<h4><a href=\"\/unternehmensberater\">Unternehmerberater<\/a><\/h4>\n<ul>\n<li><a href=\"\/unternehmensberater\/#strategie\">Strategie<\/a><\/li>\n<li><a href=\"\/unternehmensberater\/#organisationsentwicklung\">Organisationsentwicklung<\/a><\/li>\n<li><a href=\"\/unternehmensberater\/#gesundheitsmanagement\">Gesundheitsmanagement<\/a><\/li>\n<\/ul>\n<p>[\/et_pb_text][et_pb_button button_url=&#8220;@ET-DC@eyJkeW5hbWljIjp0cnVlLCJjb250ZW50IjoicG9zdF9saW5rX3VybF9wYWdlIiwic2V0dGluZ3MiOnsicG9zdF9pZCI6Ijc3In19@&#8220; button_text=&#8220;mehr dazu&#8230;&#8220; _builder_version=&#8220;4.18.0&#8243; _dynamic_attributes=&#8220;button_url&#8220; custom_button=&#8220;on&#8220; button_text_size=&#8220;15px&#8220; button_text_color=&#8220;#ffffff&#8220; button_bg_color=&#8220;#9EA5A8&#8243; button_border_color=&#8220;#9EA5A8&#8243; button_border_radius=&#8220;0px&#8220; button_letter_spacing=&#8220;2px&#8220; button_font=&#8220;|700||on|||||&#8220; custom_margin=&#8220;7px||||false|&#8220; custom_padding=&#8220;14px|40px|14px|40px|true|true&#8220; box_shadow_style=&#8220;preset7&#8243; box_shadow_horizontal=&#8220;0px&#8220; box_shadow_vertical=&#8220;0px&#8220; box_shadow_color=&#8220;#ffffff&#8220; locked=&#8220;off&#8220; global_colors_info=&#8220;{}&#8220; button_bg_color__hover_enabled=&#8220;on|hover&#8220; box_shadow_vertical__hover=&#8220;200px&#8220; box_shadow_horizontal__hover_enabled=&#8220;on&#8220; box_shadow_horizontal__hover=&#8220;350px&#8220; button_text_color__hover_enabled=&#8220;on|hover&#8220; button_text_color__hover=&#8220;#930047&#8243; button_bg_color__hover=&#8220;#930047&#8243; button_bg_enable_color__hover=&#8220;on&#8220;][\/et_pb_button][\/et_pb_column][et_pb_column type=&#8220;1_2&#8243; _builder_version=&#8220;4.16&#8243; custom_padding=&#8220;|||&#8220; global_colors_info=&#8220;{}&#8220; custom_padding__hover=&#8220;|||&#8220;][et_pb_text _builder_version=&#8220;4.18.0&#8243; text_font=&#8220;||||||||&#8220; text_font_size=&#8220;15px&#8220; text_line_height=&#8220;2em&#8220; header_2_font=&#8220;Glegoo||||||||&#8220; header_2_font_size=&#8220;40px&#8220; header_2_line_height=&#8220;1.4em&#8220; header_4_font=&#8220;|700||on|||||&#8220; header_4_text_color=&#8220;#930047&#8243; header_4_font_size=&#8220;16px&#8220; header_4_letter_spacing=&#8220;2px&#8220; header_4_line_height=&#8220;1.6em&#8220; header_2_font_size_tablet=&#8220;30px&#8220; header_2_font_size_phone=&#8220;22px&#8220; header_2_font_size_last_edited=&#8220;on|phone&#8220; header_4_font_size_tablet=&#8220;&#8220; header_4_font_size_phone=&#8220;14px&#8220; header_4_font_size_last_edited=&#8220;on|phone&#8220; locked=&#8220;off&#8220; global_colors_info=&#8220;{}&#8220;]<\/p>\n<h4><a href=\"\/trainer\">Trainer<\/a><\/h4>\n<ul>\n<li><a href=\"\/trainer\/#qualitaetsmanagement\">Qualit\u00e4tsmanagement<\/a><\/li>\n<li><a href=\"\/trainer\/#team\">F\u00fchrung &amp; Team<\/a><\/li>\n<li><a href=\"\/trainer\/#hbditraining\">H.B.D.I-Training und Teamtraining<\/a><\/li>\n<\/ul>\n<p>[\/et_pb_text][et_pb_button button_url=&#8220;@ET-DC@eyJkeW5hbWljIjp0cnVlLCJjb250ZW50IjoicG9zdF9saW5rX3VybF9wYWdlIiwic2V0dGluZ3MiOnsicG9zdF9pZCI6IjEwMiJ9fQ==@&#8220; button_text=&#8220;mehr dazu&#8230;&#8220; _builder_version=&#8220;4.18.0&#8243; _dynamic_attributes=&#8220;button_url&#8220; custom_button=&#8220;on&#8220; button_text_size=&#8220;15px&#8220; button_text_color=&#8220;#ffffff&#8220; button_bg_color=&#8220;#9EA5A8&#8243; button_border_color=&#8220;#9EA5A8&#8243; button_border_radius=&#8220;0px&#8220; button_letter_spacing=&#8220;2px&#8220; button_font=&#8220;|700||on|||||&#8220; custom_margin=&#8220;7px||||false|&#8220; custom_padding=&#8220;14px|40px|14px|40px|true|true&#8220; box_shadow_style=&#8220;preset7&#8243; box_shadow_horizontal=&#8220;0px&#8220; box_shadow_vertical=&#8220;0px&#8220; box_shadow_color=&#8220;#ffffff&#8220; locked=&#8220;off&#8220; global_colors_info=&#8220;{}&#8220; button_bg_color__hover_enabled=&#8220;on|hover&#8220; box_shadow_vertical__hover=&#8220;200px&#8220; box_shadow_horizontal__hover_enabled=&#8220;on&#8220; box_shadow_horizontal__hover=&#8220;350px&#8220; button_text_color__hover_enabled=&#8220;on|hover&#8220; button_text_color__hover=&#8220;#930047&#8243; button_bg_color__hover=&#8220;#930047&#8243; button_bg_enable_color__hover=&#8220;on&#8220;][\/et_pb_button][\/et_pb_column][\/et_pb_row][\/et_pb_section]<\/p>\n","protected":false},"excerpt":{"rendered":"<p>\u00dcBER mich H.-Peter WerminghausDIPL.-ING. F\u00fcr mich steht immer der Mensch im Mittelpunkt \u2013 ich nenne das \u201ethe people side of business\u201c. Ich betrachte nicht nur Unternehmen, sondern im Speziellen einzelne Mitarbeiter, F\u00fchrungskr\u00e4fte, Unternehmer, weil ich fest davon \u00fcberzeugt bin, dass der einzelne Mensch die Keimzelle des Erfolges ist.Ich bin der \u00dcberzeugung, dass wir die Dinge, [&hellip;]<\/p>\n","protected":false},"author":1,"featured_media":0,"parent":0,"menu_order":0,"comment_status":"closed","ping_status":"closed","template":"","meta":{"_et_pb_use_builder":"on","_et_pb_old_content":"","_et_gb_content_width":"","footnotes":""},"class_list":["post-285","page","type-page","status-publish","hentry"],"_links":{"self":[{"href":"https:\/\/bti-beratung-transfer-innovation.com\/en\/wp-json\/wp\/v2\/pages\/285","targetHints":{"allow":["GET"]}}],"collection":[{"href":"https:\/\/bti-beratung-transfer-innovation.com\/en\/wp-json\/wp\/v2\/pages"}],"about":[{"href":"https:\/\/bti-beratung-transfer-innovation.com\/en\/wp-json\/wp\/v2\/types\/page"}],"author":[{"embeddable":true,"href":"https:\/\/bti-beratung-transfer-innovation.com\/en\/wp-json\/wp\/v2\/users\/1"}],"replies":[{"embeddable":true,"href":"https:\/\/bti-beratung-transfer-innovation.com\/en\/wp-json\/wp\/v2\/comments?post=285"}],"version-history":[{"count":9,"href":"https:\/\/bti-beratung-transfer-innovation.com\/en\/wp-json\/wp\/v2\/pages\/285\/revisions"}],"predecessor-version":[{"id":378,"href":"https:\/\/bti-beratung-transfer-innovation.com\/en\/wp-json\/wp\/v2\/pages\/285\/revisions\/378"}],"wp:attachment":[{"href":"https:\/\/bti-beratung-transfer-innovation.com\/en\/wp-json\/wp\/v2\/media?parent=285"}],"curies":[{"name":"wp","href":"https:\/\/api.w.org\/{rel}","templated":true}]}}